{"id":340,"date":"2022-09-15T11:28:40","date_gmt":"2022-09-15T09:28:40","guid":{"rendered":"https:\/\/romand.com-ethique.fr\/?page_id=25"},"modified":"2022-09-15T11:28:40","modified_gmt":"2022-09-15T09:28:40","slug":"dvd","status":"publish","type":"page","link":"https:\/\/francoiseromand.com\/index.php\/dvd\/","title":{"rendered":"DVDs"},"content":{"rendered":"\n<p>Acc\u00e8s direct aux DVDs paiement s\u00e9curis\u00e9&nbsp;<a href=\"http:\/\/superalibi.bigcartel.com\/\">Super alibi<\/a><\/p>\n\n\n\n<div class=\"wp-block-group\"><div class=\"wp-block-group__inner-container is-layout-flow wp-block-group-is-layout-flow\">\n<h2 class=\"wp-block-heading\">Mix-Up ou M\u00e9li-M\u00e9lo (tourn\u00e9 en 1985)<\/h2>\n\n\n\n<div class=\"wp-block-columns is-layout-flex wp-container-core-columns-is-layout-9d6595d7 wp-block-columns-is-layout-flex\">\n<div class=\"wp-block-column is-layout-flow wp-block-column-is-layout-flow\">\n<figure class=\"wp-block-image size-full\"><img loading=\"lazy\" decoding=\"async\" width=\"512\" height=\"741\" src=\"https:\/\/francoiseromand.com\/wp-content\/uploads\/2022\/10\/Mix-Up-Face_Small-1.jpeg\" alt=\"\" class=\"wp-image-381\" srcset=\"https:\/\/francoiseromand.com\/wp-content\/uploads\/2022\/10\/Mix-Up-Face_Small-1.jpeg 512w, https:\/\/francoiseromand.com\/wp-content\/uploads\/2022\/10\/Mix-Up-Face_Small-1-207x300.jpeg 207w\" sizes=\"auto, (max-width: 512px) 85vw, 512px\" \/><\/figure>\n<\/div>\n\n\n\n<div class=\"wp-block-column is-layout-flow wp-block-column-is-layout-flow\">\n<figure class=\"wp-block-image size-full\"><img loading=\"lazy\" decoding=\"async\" width=\"512\" height=\"737\" src=\"https:\/\/francoiseromand.com\/wp-content\/uploads\/2022\/10\/Mix-Up-Dos_Small.jpeg\" alt=\"\" class=\"wp-image-380\" srcset=\"https:\/\/francoiseromand.com\/wp-content\/uploads\/2022\/10\/Mix-Up-Dos_Small.jpeg 512w, https:\/\/francoiseromand.com\/wp-content\/uploads\/2022\/10\/Mix-Up-Dos_Small-208x300.jpeg 208w\" sizes=\"auto, (max-width: 512px) 85vw, 512px\" \/><\/figure>\n<\/div>\n<\/div>\n\n\n\n<p>Le film de Fran\u00e7oise Romand retrace a v\u00e9ritable histoire de eux anglaises qui, b\u00e9b\u00e9s, ont \u00e9t\u00e9 \u00e9chang\u00e9es par erreur \u00e0 la maternit\u00e9, et d\u00e9couvrent \u00e0 20 ans, qu\u2019elles n\u2019ont pas \u00e9t\u00e9 \u00e9lev\u00e9es par les vrais parents.<\/p>\n\n\n\n<p><em>Fran\u00e7oise Romand&rsquo;s film tells the true story of two English girls who, as babies, were mistakenly exchanged at the maternity hospital and discover at the age of 20 that they were not raised by their real parents.<\/em><\/p>\n\n\n\n<div class=\"wp-block-columns are-vertically-aligned-center is-layout-flex wp-container-core-columns-is-layout-9d6595d7 wp-block-columns-is-layout-flex\">\n<div class=\"wp-block-column is-vertically-aligned-center is-layout-flow wp-block-column-is-layout-flow\" style=\"flex-basis:66.66%\">\n<figure class=\"wp-block-embed is-type-video is-provider-youtube wp-block-embed-youtube wp-embed-aspect-16-9 wp-has-aspect-ratio\"><div class=\"wp-block-embed__wrapper\">\n<iframe loading=\"lazy\" title=\"Trailer Mix Up 2020\" width=\"840\" height=\"473\" src=\"https:\/\/www.youtube.com\/embed\/R6__yXyzJEg?feature=oembed\" frameborder=\"0\" allow=\"accelerometer; autoplay; clipboard-write; encrypted-media; gyroscope; picture-in-picture; web-share\" allowfullscreen><\/iframe>\n<\/div><\/figure>\n<\/div>\n\n\n\n<div class=\"wp-block-column is-vertically-aligned-center is-layout-flow wp-block-column-is-layout-flow\" style=\"flex-basis:33.33%\">\n<div class=\"wp-block-buttons is-layout-flex wp-block-buttons-is-layout-flex\">\n<div class=\"wp-block-button has-custom-width wp-block-button__width-100 is-style-outline is-style-outline--1\"><a class=\"wp-block-button__link has-text-color\" href=\"https:\/\/superalibi.bigcartel.com\/product\/appelez-moi-madame-dvd\" style=\"color:#c62d5d\" target=\"_blank\" rel=\"noreferrer noopener\">\ud83d\uded2<\/a><\/div>\n<\/div>\n<\/div>\n<\/div>\n\n\n\n<hr class=\"wp-block-separator has-alpha-channel-opacity is-style-wide\"\/>\n<\/div><\/div>\n\n\n\n<div class=\"wp-block-group\"><div class=\"wp-block-group__inner-container is-layout-flow wp-block-group-is-layout-flow\">\n<h2 class=\"wp-block-heading\">Appelez-moi Madame (tourn\u00e9 en 1986)<\/h2>\n\n\n\n<div class=\"wp-block-columns is-layout-flex wp-container-core-columns-is-layout-9d6595d7 wp-block-columns-is-layout-flex\">\n<div class=\"wp-block-column is-layout-flow wp-block-column-is-layout-flow\">\n<figure class=\"wp-block-image size-full\"><img loading=\"lazy\" decoding=\"async\" width=\"512\" height=\"701\" src=\"https:\/\/francoiseromand.com\/wp-content\/uploads\/2022\/09\/Appelez-moi-Madame-Face_Small.jpeg\" alt=\"\" class=\"wp-image-243\" srcset=\"https:\/\/francoiseromand.com\/wp-content\/uploads\/2022\/09\/Appelez-moi-Madame-Face_Small.jpeg 512w, https:\/\/francoiseromand.com\/wp-content\/uploads\/2022\/09\/Appelez-moi-Madame-Face_Small-219x300.jpeg 219w\" sizes=\"auto, (max-width: 512px) 85vw, 512px\" \/><\/figure>\n<\/div>\n\n\n\n<div class=\"wp-block-column is-layout-flow wp-block-column-is-layout-flow\">\n<figure class=\"wp-block-image size-full\"><img loading=\"lazy\" decoding=\"async\" width=\"512\" height=\"696\" src=\"https:\/\/francoiseromand.com\/wp-content\/uploads\/2022\/09\/Appelez-moi-Madame-Dos_Small.jpeg\" alt=\"\" class=\"wp-image-244\" srcset=\"https:\/\/francoiseromand.com\/wp-content\/uploads\/2022\/09\/Appelez-moi-Madame-Dos_Small.jpeg 512w, https:\/\/francoiseromand.com\/wp-content\/uploads\/2022\/09\/Appelez-moi-Madame-Dos_Small-221x300.jpeg 221w\" sizes=\"auto, (max-width: 512px) 85vw, 512px\" \/><\/figure>\n<\/div>\n<\/div>\n\n\n\n<p>Dans un petit village normand, un militant communiste, mari\u00e9 et p\u00e8re d&rsquo;un adolescent, devient transsexuel \u00e0 55 ans, aid\u00e9 par sa femme. <em>Appelez-moi Madame<\/em>, tourn\u00e9 en 1986, est le second film de francoise Romand apr\u00e8s son fameux Mx-Up ou M\u00e9li-M\u00e9lo.<\/p>\n\n\n\n<p><em>In a small village in Normandy, France, a 55 year-old Communist activist, and father of a teenage son, becomes a transsexual with the help of his\/her wife. <\/em>Call Me Madame<em>, shot in 1986 is Fran\u00e7oise Romand&rsquo;s second movie, after her famous Mix-Up ou M\u00e9li-M\u00e9lo.<\/em><\/p>\n\n\n\n<div class=\"wp-block-columns are-vertically-aligned-center is-layout-flex wp-container-core-columns-is-layout-9d6595d7 wp-block-columns-is-layout-flex\">\n<div class=\"wp-block-column is-vertically-aligned-center is-layout-flow wp-block-column-is-layout-flow\" style=\"flex-basis:66.66%\">\n<figure class=\"wp-block-embed is-type-video is-provider-youtube wp-block-embed-youtube wp-embed-aspect-4-3 wp-has-aspect-ratio\"><div class=\"wp-block-embed__wrapper\">\n<iframe loading=\"lazy\" title=\"Appelez-moi Madame \/ Call me Madame\" width=\"840\" height=\"630\" src=\"https:\/\/www.youtube.com\/embed\/n3e9SwricXc?feature=oembed\" frameborder=\"0\" allow=\"accelerometer; autoplay; clipboard-write; encrypted-media; gyroscope; picture-in-picture; web-share\" allowfullscreen><\/iframe>\n<\/div><\/figure>\n<\/div>\n\n\n\n<div class=\"wp-block-column is-vertically-aligned-center is-layout-flow wp-block-column-is-layout-flow\" style=\"flex-basis:33.33%\">\n<div class=\"wp-block-buttons is-layout-flex wp-block-buttons-is-layout-flex\">\n<div class=\"wp-block-button has-custom-width wp-block-button__width-100 is-style-outline is-style-outline--2\"><a class=\"wp-block-button__link has-text-color\" href=\"https:\/\/superalibi.bigcartel.com\/product\/appelez-moi-madame-dvd\" style=\"color:#c62d5d\" target=\"_blank\" rel=\"noreferrer noopener\">\ud83d\uded2<\/a><\/div>\n<\/div>\n<\/div>\n<\/div>\n\n\n\n<hr class=\"wp-block-separator has-alpha-channel-opacity is-style-wide\"\/>\n<\/div><\/div>\n\n\n\n<div class=\"wp-block-group\"><div class=\"wp-block-group__inner-container is-layout-flow wp-block-group-is-layout-flow\">\n<h2 class=\"wp-block-heading\">Cin\u00e9-Romand (tourn\u00e9 en 2009)<\/h2>\n\n\n\n<div class=\"wp-block-columns is-layout-flex wp-container-core-columns-is-layout-9d6595d7 wp-block-columns-is-layout-flex\">\n<div class=\"wp-block-column is-layout-flow wp-block-column-is-layout-flow\">\n<figure class=\"wp-block-image size-full\"><img loading=\"lazy\" decoding=\"async\" width=\"512\" height=\"706\" src=\"https:\/\/francoiseromand.com\/wp-content\/uploads\/2022\/10\/Cine-Romand-Face_Small.jpeg\" alt=\"Recto du DVD Cin\u00e9-romand\" class=\"wp-image-69\" srcset=\"https:\/\/francoiseromand.com\/wp-content\/uploads\/2022\/10\/Cine-Romand-Face_Small.jpeg 512w, https:\/\/francoiseromand.com\/wp-content\/uploads\/2022\/10\/Cine-Romand-Face_Small-218x300.jpeg 218w\" sizes=\"auto, (max-width: 512px) 85vw, 512px\" \/><\/figure>\n<\/div>\n\n\n\n<div class=\"wp-block-column is-layout-flow wp-block-column-is-layout-flow\">\n<figure class=\"wp-block-image size-full\"><img loading=\"lazy\" decoding=\"async\" width=\"512\" height=\"712\" src=\"https:\/\/francoiseromand.com\/wp-content\/uploads\/2022\/10\/Cine-Romand-Dos_Small.jpeg\" alt=\"\" class=\"wp-image-376\" srcset=\"https:\/\/francoiseromand.com\/wp-content\/uploads\/2022\/10\/Cine-Romand-Dos_Small.jpeg 512w, https:\/\/francoiseromand.com\/wp-content\/uploads\/2022\/10\/Cine-Romand-Dos_Small-216x300.jpeg 216w\" sizes=\"auto, (max-width: 512px) 85vw, 512px\" \/><\/figure>\n<\/div>\n<\/div>\n\n\n\n<p><em>Cin\u00e9-Romand<\/em>&nbsp;est une mise en ab\u00eeme des pr\u00e9c\u00e9dents films de Fran\u00e7oise Romand. Des spectateurs sont invit\u00e9s \u00e0 les d\u00e9couvrir lors d&rsquo;un happening m\u00e9langeant fiction et r\u00e9alit\u00e9 dans le cadre d&rsquo;un th\u00e9\u00e2tre domestique.&nbsp;<\/p>\n\n\n\n<p>Cin\u00e9-Romand<em> is a mise en ab\u00eeme of Fran\u00e7oise Romand&rsquo;s previous films. Spectators are invited to discover them during a happening mixing fiction and reality in a domestic theater.&nbsp;<\/em><\/p>\n\n\n\n<div class=\"wp-block-columns are-vertically-aligned-center is-layout-flex wp-container-core-columns-is-layout-9d6595d7 wp-block-columns-is-layout-flex\">\n<div class=\"wp-block-column is-vertically-aligned-center is-layout-flow wp-block-column-is-layout-flow\" style=\"flex-basis:66.66%\">\n<figure class=\"wp-block-embed is-type-video is-provider-youtube wp-block-embed-youtube wp-embed-aspect-4-3 wp-has-aspect-ratio\"><div class=\"wp-block-embed__wrapper\">\n<iframe loading=\"lazy\" title=\"Cin\u00e9-Romand\" width=\"840\" height=\"630\" src=\"https:\/\/www.youtube.com\/embed\/CLV64xBuS1E?feature=oembed\" frameborder=\"0\" allow=\"accelerometer; autoplay; clipboard-write; encrypted-media; gyroscope; picture-in-picture; web-share\" allowfullscreen><\/iframe>\n<\/div><\/figure>\n<\/div>\n\n\n\n<div class=\"wp-block-column is-vertically-aligned-center is-layout-flow wp-block-column-is-layout-flow\" style=\"flex-basis:33.33%\">\n<div class=\"wp-block-buttons is-layout-flex wp-block-buttons-is-layout-flex\">\n<div class=\"wp-block-button\"><a class=\"wp-block-button__link\">Contactez-nous<\/a><\/div>\n<\/div>\n<\/div>\n<\/div>\n\n\n\n<hr class=\"wp-block-separator has-alpha-channel-opacity is-style-wide\"\/>\n<\/div><\/div>\n\n\n\n<div class=\"wp-block-group\"><div class=\"wp-block-group__inner-container is-layout-flow wp-block-group-is-layout-flow\">\n<div class=\"wp-block-columns is-layout-flex wp-container-core-columns-is-layout-9d6595d7 wp-block-columns-is-layout-flex\"><\/div>\n\n\n\n<p><\/p>\n\n\n\n<div class=\"wp-block-columns is-layout-flex wp-container-core-columns-is-layout-9d6595d7 wp-block-columns-is-layout-flex\"><\/div>\n\n\n\n<div class=\"wp-block-columns is-layout-flex wp-container-core-columns-is-layout-9d6595d7 wp-block-columns-is-layout-flex\">\n<div class=\"wp-block-column is-layout-flow wp-block-column-is-layout-flow\"><\/div>\n<\/div>\n\n\n\n<hr class=\"wp-block-separator has-alpha-channel-opacity is-style-wide\"\/>\n<\/div><\/div>\n\n\n\n<div class=\"wp-block-group\"><div class=\"wp-block-group__inner-container is-layout-flow wp-block-group-is-layout-flow\">\n<h2 class=\"wp-block-heading\">Gais Gays Games (tourn\u00e9 en 2010)<\/h2>\n\n\n\n<div class=\"wp-block-columns is-layout-flex wp-container-core-columns-is-layout-9d6595d7 wp-block-columns-is-layout-flex\">\n<div class=\"wp-block-column is-layout-flow wp-block-column-is-layout-flow\">\n<figure class=\"wp-block-image size-full\"><img loading=\"lazy\" decoding=\"async\" width=\"512\" height=\"731\" src=\"https:\/\/francoiseromand.com\/wp-content\/uploads\/2022\/10\/Gais-Gay-Games-Face_Small.jpeg\" alt=\"Recto du DVD Gais Gay Games\" class=\"wp-image-70\" srcset=\"https:\/\/francoiseromand.com\/wp-content\/uploads\/2022\/10\/Gais-Gay-Games-Face_Small.jpeg 512w, https:\/\/francoiseromand.com\/wp-content\/uploads\/2022\/10\/Gais-Gay-Games-Face_Small-210x300.jpeg 210w\" sizes=\"auto, (max-width: 512px) 85vw, 512px\" \/><\/figure>\n<\/div>\n\n\n\n<div class=\"wp-block-column is-layout-flow wp-block-column-is-layout-flow\">\n<figure class=\"wp-block-image size-full\"><img loading=\"lazy\" decoding=\"async\" width=\"512\" height=\"731\" src=\"https:\/\/francoiseromand.com\/wp-content\/uploads\/2022\/10\/Gais-Gay-Games-Dos_Small.jpeg\" alt=\"\" class=\"wp-image-378\" srcset=\"https:\/\/francoiseromand.com\/wp-content\/uploads\/2022\/10\/Gais-Gay-Games-Dos_Small.jpeg 512w, https:\/\/francoiseromand.com\/wp-content\/uploads\/2022\/10\/Gais-Gay-Games-Dos_Small-210x300.jpeg 210w\" sizes=\"auto, (max-width: 512px) 85vw, 512px\" \/><\/figure>\n<\/div>\n<\/div>\n\n\n\n<p>Venus de tous les horizons, des gemmes et des hommes se retrouvent en aout 2010 \u00e0 Cologne pour les Jeux \u00ab&nbsp;Olympiques&nbsp;\u00bb Gays. Fran\u00e7oise Romand les filme avec humour et tendresse tandis que se d\u00e9voilent leurs d\u00e9sirs et leurs doutes.<\/p>\n\n\n\n<p><em>Coming from all over the world, men and women meet in August 2010 in Cologne for the Gay \u00ab\u00a0Olympic\u00a0\u00bb Games. Fran\u00e7oise Romand films them with humor and tenderness as their desires and doubts are revealed.<\/em><\/p>\n\n\n\n<div class=\"wp-block-columns are-vertically-aligned-center is-layout-flex wp-container-core-columns-is-layout-9d6595d7 wp-block-columns-is-layout-flex\">\n<div class=\"wp-block-column is-vertically-aligned-center is-layout-flow wp-block-column-is-layout-flow\" style=\"flex-basis:66.66%\">\n<figure class=\"wp-block-embed is-type-video is-provider-youtube wp-block-embed-youtube wp-embed-aspect-16-9 wp-has-aspect-ratio\"><div class=\"wp-block-embed__wrapper\">\n<iframe loading=\"lazy\" title=\"Gais Gay Games\" width=\"840\" height=\"473\" src=\"https:\/\/www.youtube.com\/embed\/swJ0J7HDIt4?feature=oembed\" frameborder=\"0\" allow=\"accelerometer; autoplay; clipboard-write; encrypted-media; gyroscope; picture-in-picture; web-share\" allowfullscreen><\/iframe>\n<\/div><\/figure>\n<\/div>\n\n\n\n<div class=\"wp-block-column is-vertically-aligned-center is-layout-flow wp-block-column-is-layout-flow\" style=\"flex-basis:33.33%\">\n<div class=\"wp-block-buttons is-layout-flex wp-block-buttons-is-layout-flex\">\n<div class=\"wp-block-button has-custom-width wp-block-button__width-100 is-style-outline is-style-outline--3\"><a class=\"wp-block-button__link has-text-color\" href=\"https:\/\/superalibi.bigcartel.com\/product\/gais-gay-games-dvd-40-mn-ntsc-pal-all-zone\" style=\"color:#c62d5d\" target=\"_blank\" rel=\"noreferrer noopener\">\ud83d\uded2<\/a><\/div>\n<\/div>\n<\/div>\n<\/div>\n\n\n\n<hr class=\"wp-block-separator has-alpha-channel-opacity is-style-wide\"\/>\n<\/div><\/div>\n\n\n\n<div class=\"wp-block-group\"><div class=\"wp-block-group__inner-container is-layout-flow wp-block-group-is-layout-flow\">\n<h2 class=\"wp-block-heading\">Th\u00e8me Je | The camera I (tourn\u00e9 en 2011)<\/h2>\n\n\n\n<div class=\"wp-block-columns is-layout-flex wp-container-core-columns-is-layout-9d6595d7 wp-block-columns-is-layout-flex\">\n<div class=\"wp-block-column is-layout-flow wp-block-column-is-layout-flow\">\n<figure class=\"wp-block-image size-full\"><img loading=\"lazy\" decoding=\"async\" width=\"512\" height=\"699\" src=\"https:\/\/francoiseromand.com\/wp-content\/uploads\/2022\/10\/Theme-Je-Face_Small.jpeg\" alt=\"Recto du DVD du film Th\u00e8me-je\" class=\"wp-image-72\" srcset=\"https:\/\/francoiseromand.com\/wp-content\/uploads\/2022\/10\/Theme-Je-Face_Small.jpeg 512w, https:\/\/francoiseromand.com\/wp-content\/uploads\/2022\/10\/Theme-Je-Face_Small-220x300.jpeg 220w\" sizes=\"auto, (max-width: 512px) 85vw, 512px\" \/><\/figure>\n<\/div>\n\n\n\n<div class=\"wp-block-column is-layout-flow wp-block-column-is-layout-flow\">\n<figure class=\"wp-block-image size-full\"><img loading=\"lazy\" decoding=\"async\" width=\"512\" height=\"704\" src=\"https:\/\/francoiseromand.com\/wp-content\/uploads\/2022\/10\/Theme-Je-Dos_Small.jpeg\" alt=\"\" class=\"wp-image-382\" srcset=\"https:\/\/francoiseromand.com\/wp-content\/uploads\/2022\/10\/Theme-Je-Dos_Small.jpeg 512w, https:\/\/francoiseromand.com\/wp-content\/uploads\/2022\/10\/Theme-Je-Dos_Small-218x300.jpeg 218w\" sizes=\"auto, (max-width: 512px) 85vw, 512px\" \/><\/figure>\n<\/div>\n<\/div>\n\n\n\n<p>Fran\u00e7oise Romand interroge les secrets de famille, sort les cadavres des placards, braque la cam\u00e9ra vers les miroirs que lui tendent ses amants, avec humour et force.&nbsp;<\/p>\n\n\n\n<p><em>Fran\u00e7oise Romand questions the family secrets, takes the corpses out of the closets, turns the camera towards the mirrors held up to her by her lovers, with humor and strength.<\/em><\/p>\n\n\n\n<div class=\"wp-block-columns are-vertically-aligned-center is-layout-flex wp-container-core-columns-is-layout-9d6595d7 wp-block-columns-is-layout-flex\">\n<div class=\"wp-block-column is-vertically-aligned-center is-layout-flow wp-block-column-is-layout-flow\" style=\"flex-basis:66.66%\">\n<figure class=\"wp-block-embed is-type-video is-provider-youtube wp-block-embed-youtube wp-embed-aspect-4-3 wp-has-aspect-ratio\"><div class=\"wp-block-embed__wrapper\">\n<iframe loading=\"lazy\" title=\"Th\u00e8me Je \/ The Camera I\" width=\"840\" height=\"630\" src=\"https:\/\/www.youtube.com\/embed\/79_DpmblYjM?feature=oembed\" frameborder=\"0\" allow=\"accelerometer; autoplay; clipboard-write; encrypted-media; gyroscope; picture-in-picture; web-share\" allowfullscreen><\/iframe>\n<\/div><\/figure>\n<\/div>\n\n\n\n<div class=\"wp-block-column is-vertically-aligned-center is-layout-flow wp-block-column-is-layout-flow\" style=\"flex-basis:33.33%\">\n<div class=\"wp-block-buttons is-layout-flex wp-block-buttons-is-layout-flex\">\n<div class=\"wp-block-button has-custom-width wp-block-button__width-100 is-style-outline is-style-outline--4\"><a class=\"wp-block-button__link has-text-color\" href=\"https:\/\/superalibi.bigcartel.com\/product\/theme-je-the-camera-i-dvd-2h09mn-ntsc-pal\" style=\"color:#c62d5d\" target=\"_blank\" rel=\"noreferrer noopener\">\ud83d\uded2<\/a><\/div>\n<\/div>\n<\/div>\n<\/div>\n\n\n\n<hr class=\"wp-block-separator has-alpha-channel-opacity is-style-wide\"\/>\n<\/div><\/div>\n\n\n\n<div class=\"wp-block-group\"><div class=\"wp-block-group__inner-container is-layout-flow wp-block-group-is-layout-flow\">\n<h2 class=\"wp-block-heading\">Baiser d&rsquo;encre (tourn\u00e9 en 2015)<\/h2>\n\n\n\n<div class=\"wp-block-columns is-layout-flex wp-container-core-columns-is-layout-9d6595d7 wp-block-columns-is-layout-flex\">\n<div class=\"wp-block-column is-layout-flow wp-block-column-is-layout-flow\">\n<figure class=\"wp-block-image size-full\"><img loading=\"lazy\" decoding=\"async\" width=\"512\" height=\"708\" src=\"https:\/\/francoiseromand.com\/wp-content\/uploads\/2022\/10\/Baiser-dencre-Face_Small-1.jpeg\" alt=\"\" class=\"wp-image-375\" srcset=\"https:\/\/francoiseromand.com\/wp-content\/uploads\/2022\/10\/Baiser-dencre-Face_Small-1.jpeg 512w, https:\/\/francoiseromand.com\/wp-content\/uploads\/2022\/10\/Baiser-dencre-Face_Small-1-217x300.jpeg 217w\" sizes=\"auto, (max-width: 512px) 85vw, 512px\" \/><\/figure>\n<\/div>\n\n\n\n<div class=\"wp-block-column is-layout-flow wp-block-column-is-layout-flow\">\n<figure class=\"wp-block-image size-full\"><img loading=\"lazy\" decoding=\"async\" width=\"512\" height=\"707\" src=\"https:\/\/francoiseromand.com\/wp-content\/uploads\/2022\/10\/Baiser-dencre-Dos_Small.jpeg\" alt=\"\" class=\"wp-image-374\" srcset=\"https:\/\/francoiseromand.com\/wp-content\/uploads\/2022\/10\/Baiser-dencre-Dos_Small.jpeg 512w, https:\/\/francoiseromand.com\/wp-content\/uploads\/2022\/10\/Baiser-dencre-Dos_Small-217x300.jpeg 217w\" sizes=\"auto, (max-width: 512px) 85vw, 512px\" \/><\/figure>\n<\/div>\n<\/div>\n\n\n\n<p>Les artistes Ella &amp; Pitr affichent leur amour et leurs fantaisies sur les murs du monde. G\u00e9n\u00e9ration Y, la vie et l\u2019\u0153uvre intrins\u00e8quement li\u00e9es, ils puisent leur insparation dans leur vie quotidienne dont les r\u00eaves composent une nouvelle r\u00e9alit\u00e9 pleine d\u2019humour et de tendresse<\/p>\n\n\n\n<p><em>The artists Ella &amp; Pitr display their love and their fantasies on the walls of the world. Generation Y, life and work intrinsically linked, they draw their inspiration from their daily life whose dreams compose a new reality full of humor and tenderness<\/em><\/p>\n\n\n\n<div class=\"wp-block-columns are-vertically-aligned-center is-layout-flex wp-container-core-columns-is-layout-9d6595d7 wp-block-columns-is-layout-flex\">\n<div class=\"wp-block-column is-vertically-aligned-center is-layout-flow wp-block-column-is-layout-flow\" style=\"flex-basis:66.66%\">\n<figure class=\"wp-block-embed is-type-video is-provider-youtube wp-block-embed-youtube wp-embed-aspect-16-9 wp-has-aspect-ratio\"><div class=\"wp-block-embed__wrapper\">\n<iframe loading=\"lazy\" title=\"Baiser dencre\" width=\"840\" height=\"473\" src=\"https:\/\/www.youtube.com\/embed\/15AbNuVfTmc?feature=oembed\" frameborder=\"0\" allow=\"accelerometer; autoplay; clipboard-write; encrypted-media; gyroscope; picture-in-picture; web-share\" allowfullscreen><\/iframe>\n<\/div><\/figure>\n<\/div>\n\n\n\n<div class=\"wp-block-column is-vertically-aligned-center is-layout-flow wp-block-column-is-layout-flow\" style=\"flex-basis:33.33%\">\n<div class=\"wp-block-buttons is-layout-flex wp-block-buttons-is-layout-flex\">\n<div class=\"wp-block-button has-custom-width wp-block-button__width-100 is-style-outline is-style-outline--5\"><a class=\"wp-block-button__link has-text-color\" href=\"https:\/\/superalibi.bigcartel.com\/product\/baiser-d-encre-dvd-96-min-about-ella-pitr\" style=\"color:#c62d5d\" target=\"_blank\" rel=\"noreferrer noopener\">\ud83d\uded2<\/a><\/div>\n<\/div>\n<\/div>\n<\/div>\n\n\n\n<hr class=\"wp-block-separator has-alpha-channel-opacity is-style-wide\"\/>\n<\/div><\/div>\n","protected":false},"excerpt":{"rendered":"<p>Acc\u00e8s direct aux DVDs paiement s\u00e9curis\u00e9&nbsp;Super alibi Mix-Up ou M\u00e9li-M\u00e9lo (tourn\u00e9 en 1985) Le film de Fran\u00e7oise Romand retrace a v\u00e9ritable histoire de eux anglaises qui, b\u00e9b\u00e9s, ont \u00e9t\u00e9 \u00e9chang\u00e9es par erreur \u00e0 la maternit\u00e9, et d\u00e9couvrent \u00e0 20 ans, qu\u2019elles n\u2019ont pas \u00e9t\u00e9 \u00e9lev\u00e9es par les vrais parents. Fran\u00e7oise Romand&rsquo;s film tells the true &hellip; <a href=\"https:\/\/francoiseromand.com\/index.php\/dvd\/\" class=\"more-link\">Continuer la lecture<span class=\"screen-reader-text\"> de &laquo;&nbsp;DVDs&nbsp;&raquo;<\/span><\/a><\/p>\n","protected":false},"author":3,"featured_media":0,"parent":0,"menu_order":0,"comment_status":"closed","ping_status":"closed","template":"","meta":{"footnotes":""},"class_list":["post-340","page","type-page","status-publish","hentry"],"_links":{"self":[{"href":"https:\/\/francoiseromand.com\/index.php\/wp-json\/wp\/v2\/pages\/340","targetHints":{"allow":["GET"]}}],"collection":[{"href":"https:\/\/francoiseromand.com\/index.php\/wp-json\/wp\/v2\/pages"}],"about":[{"href":"https:\/\/francoiseromand.com\/index.php\/wp-json\/wp\/v2\/types\/page"}],"author":[{"embeddable":true,"href":"https:\/\/francoiseromand.com\/index.php\/wp-json\/wp\/v2\/users\/3"}],"replies":[{"embeddable":true,"href":"https:\/\/francoiseromand.com\/index.php\/wp-json\/wp\/v2\/comments?post=340"}],"version-history":[{"count":0,"href":"https:\/\/francoiseromand.com\/index.php\/wp-json\/wp\/v2\/pages\/340\/revisions"}],"wp:attachment":[{"href":"https:\/\/francoiseromand.com\/index.php\/wp-json\/wp\/v2\/media?parent=340"}],"curies":[{"name":"wp","href":"https:\/\/api.w.org\/{rel}","templated":true}]}}