{"id":335,"date":"2022-09-15T09:58:51","date_gmt":"2022-09-15T07:58:51","guid":{"rendered":"http:\/\/romand.com-ethique.fr\/?page_id=2"},"modified":"2022-09-15T09:58:51","modified_gmt":"2022-09-15T07:58:51","slug":"accueil","status":"publish","type":"page","link":"https:\/\/francoiseromand.com\/","title":{"rendered":"La vie comme un Romand"},"content":{"rendered":"\n<figure class=\"wp-block-image size-large\"><img loading=\"lazy\" decoding=\"async\" width=\"1024\" height=\"274\" src=\"https:\/\/francoiseromand.com\/wp-content\/uploads\/2022\/09\/pele-mele-1024x274.png\" alt=\"\" class=\"wp-image-171\" srcset=\"https:\/\/francoiseromand.com\/wp-content\/uploads\/2022\/09\/pele-mele-1024x274.png 1024w, https:\/\/francoiseromand.com\/wp-content\/uploads\/2022\/09\/pele-mele-300x80.png 300w, https:\/\/francoiseromand.com\/wp-content\/uploads\/2022\/09\/pele-mele-768x205.png 768w, https:\/\/francoiseromand.com\/wp-content\/uploads\/2022\/09\/pele-mele.png 1200w\" sizes=\"auto, (max-width: 709px) 85vw, (max-width: 909px) 67vw, (max-width: 1362px) 62vw, 840px\" \/><figcaption class=\"wp-element-caption\">Cr\u00e9dits photo Matthieu Constance<\/figcaption><\/figure>\n\n\n\n<p><strong>Fran\u00e7oise Romand est une r\u00e9alisatrice&nbsp;fran\u00e7aise<\/strong>.<\/p>\n\n\n\n<p>Tourn\u00e9 en 1985,&nbsp; <strong>Mix-Up<\/strong> ou <strong>M\u00e9li-M\u00e9lo<\/strong> obtient une reconnaissance critique aux&nbsp;\u00c9tats-Unis. Apr\u00e8s sa d\u00e9couverte par Vincent Canby du&nbsp;<strong>New York Times<\/strong>, le critique du&nbsp;<strong>Chicago Reader<\/strong>,&nbsp;Jonathan Rosenbaum, le s\u00e9lectionne <strong>premier des dix meilleurs films de 1988 et dans les 15 meilleurs des ann\u00e9es 1980<\/strong> aux c\u00f4t\u00e9s de&nbsp;Ridley Scott,&nbsp;Martin Scorsese,&nbsp;John Cassavetes,&nbsp;Chris Marker,&nbsp;Alain Resnais,&nbsp;Jean-Luc Godard. <\/p>\n\n\n\n<figure class=\"wp-block-image size-large\"><img decoding=\"async\" src=\"https:\/\/romand.org\/wp-content\/uploads\/2023\/01\/Films-Francoise-Romand-1024x476.jpg\" alt=\"\" class=\"wp-image-636\"\/><\/figure>\n\n\n\n<p><strong>Appelez-moi Madame (Call Me Madame)&nbsp;<\/strong>remportera le m\u00eame succ\u00e8s.&nbsp;<\/p>\n\n\n\n<figure class=\"wp-block-embed is-type-video is-provider-youtube wp-block-embed-youtube wp-embed-aspect-16-9 wp-has-aspect-ratio\"><div class=\"wp-block-embed__wrapper\">\n<iframe loading=\"lazy\" title=\"Trailer Appelez moi Madame 2020\" width=\"840\" height=\"473\" src=\"https:\/\/www.youtube.com\/embed\/U9heS5MrRPU?feature=oembed\" frameborder=\"0\" allow=\"accelerometer; autoplay; clipboard-write; encrypted-media; gyroscope; picture-in-picture; web-share\" referrerpolicy=\"strict-origin-when-cross-origin\" allowfullscreen><\/iframe>\n<\/div><\/figure>\n\n\n\n<div class=\"wp-block-columns is-layout-flex wp-container-core-columns-is-layout-9d6595d7 wp-block-columns-is-layout-flex\">\n<div class=\"wp-block-column is-layout-flow wp-block-column-is-layout-flow\">\n<div class=\"wp-block-buttons is-layout-flex wp-block-buttons-is-layout-flex\">\n<div class=\"wp-block-button has-custom-width wp-block-button__width-100 aligncenter is-style-outline is-style-outline--1\"><a class=\"wp-block-button__link has-text-color wp-element-button\" href=\"http:\/\/romand.com-ethique.fr\/wp-admin\/post.php?post=25\" style=\"border-radius:10px;color:#d92776\">Lien vers les DVD<\/a><\/div>\n<\/div>\n<\/div>\n<\/div>\n\n\n\n<hr class=\"wp-block-separator has-alpha-channel-opacity\"\/>\n\n\n\n<h2 class=\"wp-block-heading\">Des questions, une remarque, contactez-nous !<\/h2>\n\n\n\n<div class=\"wp-block-contact-form-7-contact-form-selector\">\n<div class=\"wpcf7 no-js\" id=\"wpcf7-f693-o1\" lang=\"fr-FR\" dir=\"ltr\" data-wpcf7-id=\"693\">\n<div class=\"screen-reader-response\"><p role=\"status\" aria-live=\"polite\" aria-atomic=\"true\"><\/p> <ul><\/ul><\/div>\n<form action=\"\/index.php\/wp-json\/wp\/v2\/pages\/335#wpcf7-f693-o1\" method=\"post\" class=\"wpcf7-form init\" aria-label=\"Formulaire de contact\" novalidate=\"novalidate\" data-status=\"init\">\n<fieldset class=\"hidden-fields-container\"><input type=\"hidden\" name=\"_wpcf7\" value=\"693\" \/><input type=\"hidden\" name=\"_wpcf7_version\" value=\"6.1.5\" \/><input type=\"hidden\" name=\"_wpcf7_locale\" value=\"fr_FR\" \/><input type=\"hidden\" name=\"_wpcf7_unit_tag\" value=\"wpcf7-f693-o1\" \/><input type=\"hidden\" name=\"_wpcf7_container_post\" value=\"0\" \/><input type=\"hidden\" name=\"_wpcf7_posted_data_hash\" value=\"\" \/><input type=\"hidden\" name=\"_wpcf7_recaptcha_response\" value=\"\" \/>\n<\/fieldset>\n<p><label> Votre nom<br \/>\n<span class=\"wpcf7-form-control-wrap\" data-name=\"your-name\"><input size=\"40\" maxlength=\"400\" class=\"wpcf7-form-control wpcf7-text wpcf7-validates-as-required\" autocomplete=\"name\" aria-required=\"true\" aria-invalid=\"false\" value=\"\" type=\"text\" name=\"your-name\" \/><\/span> <\/label>\n<\/p>\n<p><label> Votre e-mail<br \/>\n<span class=\"wpcf7-form-control-wrap\" data-name=\"your-email\"><input size=\"40\" maxlength=\"400\" class=\"wpcf7-form-control wpcf7-email wpcf7-validates-as-required wpcf7-text wpcf7-validates-as-email\" autocomplete=\"email\" aria-required=\"true\" aria-invalid=\"false\" value=\"\" type=\"email\" name=\"your-email\" \/><\/span> <\/label>\n<\/p>\n<p><label> Objet<br \/>\n<span class=\"wpcf7-form-control-wrap\" data-name=\"your-subject\"><input size=\"40\" maxlength=\"400\" class=\"wpcf7-form-control wpcf7-text wpcf7-validates-as-required\" aria-required=\"true\" aria-invalid=\"false\" value=\"\" type=\"text\" name=\"your-subject\" \/><\/span> <\/label>\n<\/p>\n<p><label> Votre message (facultatif)<br \/>\n<span class=\"wpcf7-form-control-wrap\" data-name=\"your-message\"><textarea cols=\"40\" rows=\"10\" maxlength=\"2000\" class=\"wpcf7-form-control wpcf7-textarea\" aria-invalid=\"false\" name=\"your-message\"><\/textarea><\/span> <\/label>\n<\/p>\n<p><input class=\"wpcf7-form-control wpcf7-submit has-spinner\" type=\"submit\" value=\"Envoyer\" \/>\n<\/p><div class=\"wpcf7-response-output\" aria-hidden=\"true\"><\/div>\n<\/form>\n<\/div>\n<\/div>\n","protected":false},"excerpt":{"rendered":"<p>Fran\u00e7oise Romand est une r\u00e9alisatrice&nbsp;fran\u00e7aise. Tourn\u00e9 en 1985,&nbsp; Mix-Up ou M\u00e9li-M\u00e9lo obtient une reconnaissance critique aux&nbsp;\u00c9tats-Unis. Apr\u00e8s sa d\u00e9couverte par Vincent Canby du&nbsp;New York Times, le critique du&nbsp;Chicago Reader,&nbsp;Jonathan Rosenbaum, le s\u00e9lectionne premier des dix meilleurs films de 1988 et dans les 15 meilleurs des ann\u00e9es 1980 aux c\u00f4t\u00e9s de&nbsp;Ridley Scott,&nbsp;Martin Scorsese,&nbsp;John Cassavetes,&nbsp;Chris Marker,&nbsp;Alain Resnais,&nbsp;Jean-Luc &hellip; <a href=\"https:\/\/francoiseromand.com\/\" class=\"more-link\">Continuer la lecture<span class=\"screen-reader-text\"> de &laquo;&nbsp;La vie comme un Romand&nbsp;&raquo;<\/span><\/a><\/p>\n","protected":false},"author":3,"featured_media":0,"parent":0,"menu_order":0,"comment_status":"closed","ping_status":"closed","template":"","meta":{"footnotes":""},"class_list":["post-335","page","type-page","status-publish","hentry"],"_links":{"self":[{"href":"https:\/\/francoiseromand.com\/index.php\/wp-json\/wp\/v2\/pages\/335","targetHints":{"allow":["GET"]}}],"collection":[{"href":"https:\/\/francoiseromand.com\/index.php\/wp-json\/wp\/v2\/pages"}],"about":[{"href":"https:\/\/francoiseromand.com\/index.php\/wp-json\/wp\/v2\/types\/page"}],"author":[{"embeddable":true,"href":"https:\/\/francoiseromand.com\/index.php\/wp-json\/wp\/v2\/users\/3"}],"replies":[{"embeddable":true,"href":"https:\/\/francoiseromand.com\/index.php\/wp-json\/wp\/v2\/comments?post=335"}],"version-history":[{"count":0,"href":"https:\/\/francoiseromand.com\/index.php\/wp-json\/wp\/v2\/pages\/335\/revisions"}],"wp:attachment":[{"href":"https:\/\/francoiseromand.com\/index.php\/wp-json\/wp\/v2\/media?parent=335"}],"curies":[{"name":"wp","href":"https:\/\/api.w.org\/{rel}","templated":true}]}}